{"id":719,"date":"2017-12-08T14:13:35","date_gmt":"2017-12-08T14:13:35","guid":{"rendered":"https:\/\/dkudela.cz\/reference\/felicityfood\/contacts\/"},"modified":"2025-08-26T21:11:24","modified_gmt":"2025-08-26T19:11:24","slug":"kontakt","status":"publish","type":"page","link":"https:\/\/dkudela.cz\/reference\/felicityfood\/kontakt\/","title":{"rendered":"Kontakt"},"content":{"rendered":"<div class=\"wpb-content-wrapper\">[vc_row][vc_column][vc_column_text css=&#8220;.vc_custom_1756231747425{border-bottom-width: 3px !important;padding-top: 84px !important;padding-bottom: 57px !important;border-bottom-style: solid !important;border-color: #BF925A !important;}&#8220;]\n<h1 style=\"text-align: center;\"><strong>Kontakt<\/strong><\/h1>\n[\/vc_column_text][\/vc_column][\/vc_row][vc_row css=&#8220;.vc_custom_1756235353621{padding-top: 36px !important;}&#8220;][vc_column][vc_row_inner][vc_column_inner width=&#8220;2\/3&#8243;][vc_column_text css=&#8220;&#8220;]\n<h4 style=\"text-align: center;\"><strong>Odeslat zpr\u00e1vu<\/strong><\/h4>\n<p style=\"text-align: center;\">\n<div class=\"wpcf7 no-js\" id=\"wpcf7-f734-o1\" lang=\"en-US\" dir=\"ltr\" data-wpcf7-id=\"734\">\n<div class=\"screen-reader-response\"><p role=\"status\" aria-live=\"polite\" aria-atomic=\"true\"><\/p> <ul><\/ul><\/div>\n<form action=\"\/reference\/felicityfood\/wp-json\/wp\/v2\/pages\/719#wpcf7-f734-o1\" method=\"post\" class=\"wpcf7-form init\" aria-label=\"Contact form\" novalidate=\"novalidate\" data-status=\"init\">\n<fieldset class=\"hidden-fields-container\"><input type=\"hidden\" name=\"_wpcf7\" value=\"734\" \/><input type=\"hidden\" name=\"_wpcf7_version\" value=\"6.1.1\" \/><input type=\"hidden\" name=\"_wpcf7_locale\" value=\"en_US\" \/><input type=\"hidden\" name=\"_wpcf7_unit_tag\" value=\"wpcf7-f734-o1\" \/><input type=\"hidden\" name=\"_wpcf7_container_post\" value=\"0\" \/><input type=\"hidden\" name=\"_wpcf7_posted_data_hash\" value=\"\" \/><input type=\"hidden\" name=\"_wpcf7_recaptcha_response\" value=\"\" \/>\n<\/fieldset>\n<center>\n\t<p><span class=\"wpcf7-form-control-wrap\" data-name=\"your-name\"><input size=\"40\" maxlength=\"400\" class=\"wpcf7-form-control wpcf7-text wpcf7-validates-as-required\" aria-required=\"true\" aria-invalid=\"false\" placeholder=\"Va\u0161e jm\u00e9no\" value=\"\" type=\"text\" name=\"your-name\" \/><\/span>\n\t<\/p>\n\t<p><span class=\"wpcf7-form-control-wrap\" data-name=\"your-email\"><input size=\"40\" maxlength=\"400\" class=\"wpcf7-form-control wpcf7-email wpcf7-validates-as-required wpcf7-text wpcf7-validates-as-email\" aria-required=\"true\" aria-invalid=\"false\" placeholder=\"Email\" value=\"\" type=\"email\" name=\"your-email\" \/><\/span>\n\t<\/p>\n\t<p><span class=\"wpcf7-form-control-wrap\" data-name=\"your-message\"><textarea cols=\"50\" rows=\"5\" maxlength=\"2000\" class=\"wpcf7-form-control wpcf7-textarea\" aria-invalid=\"false\" placeholder=\"Zpr\u00e1va\" name=\"your-message\"><\/textarea><\/span>\n\t<\/p>\n\t<p><span class=\"wpcf7-form-control-wrap\" data-name=\"gdpr-souhlas\"><span class=\"wpcf7-form-control wpcf7-acceptance\"><span class=\"wpcf7-list-item\"><label><input type=\"checkbox\" name=\"gdpr-souhlas\" value=\"1\" aria-invalid=\"false\" \/><span class=\"wpcf7-list-item-label\">Souhlas\u00edm se zpracov\u00e1n\u00edm <a href=\"https:\/\/dkudela.cz\/reference\/felicityfood\/ochrana-osobnich-udaju\/\">osobn\u00edch \u00fadaj\u016f<\/a>.<\/span><\/label><\/span><\/span><\/span>\n\t<\/p>\n\t<p><input class=\"wpcf7-form-control wpcf7-submit has-spinner\" type=\"submit\" value=\"Odeslat\" \/>\n\t<\/p>\n<\/center><div class=\"wpcf7-response-output\" aria-hidden=\"true\"><\/div>\n<\/form>\n<\/div>\n\n[\/vc_column_text][\/vc_column_inner][vc_column_inner width=&#8220;1\/3&#8243;][vc_single_image image=&#8220;3344&#8243; img_size=&#8220;full&#8220; alignment=&#8220;center&#8220; css=&#8220;&#8220;][vc_column_text css=&#8220;&#8220;]\n<h4 style=\"text-align: center;\"><strong>Kontakt<\/strong><\/h4>\n<p style=\"text-align: center; margin-bottom: 0px;\">Felicity Food s.r.o.<\/p>\n<p style=\"text-align: center; margin-bottom: 0px;\"><a href=\"tel:\u202d777917385\u202c\">+420 777 917 385\u202c<\/a><\/p>\n<p style=\"text-align: center; margin-bottom: 0px;\"><a href=\"mailto:objednavky@felicityfood.cz\">objednavky@felicityfood.cz<\/a><\/p>\n[\/vc_column_text][\/vc_column_inner][\/vc_row_inner][\/vc_column][\/vc_row][vc_section css=&#8220;.vc_custom_1756231693928{margin-top: 0px !important;padding-top: 0px !important;}&#8220;][vc_row full_width=&#8220;stretch_row&#8220; bg_cws_repeat=&#8220;no-repeat&#8220; bg_cws_size=&#8220;contain&#8220; bg_image_position=&#8220;left_center&#8220; css=&#8220;.vc_custom_1756231700220{margin-top: 0px !important;padding-top: 30px !important;}&#8220; el_class=&#8220;custom_hp_branches custom_hp_branches&#8211;subpage&#8220;][vc_column][vc_row_inner css=&#8220;.vc_custom_1755076346457{margin-top: 60px !important;}&#8220;][vc_column_inner][vc_raw_html css=&#8220;&#8220; el_class=&#8220;custom-map-box&#8220;]JTNDc2NyaXB0JTBBJTIwJTIwc3JjJTNEJTIyaHR0cHMlM0ElMkYlMkZtYXBzLmdvb2dsZWFwaXMuY29tJTJGbWFwcyUyRmFwaSUyRmpzJTNGa2V5JTNEQUl6YVN5QWpqWGp6RVBVNHFGODlQLVF5Sm1iTnVLMlZiZXdtX21FJTI2bG9hZGluZyUzRGFzeW5jJTI2Y2FsbGJhY2slM0Rpbml0TWFwJTIyJTNFJTNDJTJGc2NyaXB0JTNFJTBBJTNDZGl2JTNFJTBBJTIwJTIwJTNDZGl2JTIwaWQlM0QlMjJtYXAlMjIlMjBzdHlsZSUzRCUyMmhlaWdodCUzQTMzMnB4JTNCJTIwd2lkdGglM0ElMjAxMDAlMjUlM0IlMjIlM0UlM0MlMkZkaXYlM0UlMEElM0MlMkZkaXYlM0UlMEE=[\/vc_raw_html][\/vc_column_inner][\/vc_row_inner][\/vc_column][\/vc_row][\/vc_section]\n<\/div>","protected":false},"excerpt":{"rendered":"<p>[vc_row][vc_column][vc_column_text css=&#8220;.vc_custom_1756231747425{border-bottom-width: 3px !important;padding-top: 84px !important;padding-bottom: 57px !important;border-bottom-style: solid !important;border-color: #BF925A !important;}&#8220;] Kontakt [\/vc_column_text][\/vc_column][\/vc_row][vc_row css=&#8220;.vc_custom_1756235353621{padding-top: 36px !important;}&#8220;][vc_column][vc_row_inner][vc_column_inner width=&#8220;2\/3&#8243;][vc_column_text css=&#8220;&#8220;] Odeslat zpr\u00e1vu [\/vc_column_text][\/vc_column_inner][vc_column_inner width=&#8220;1\/3&#8243;][vc_single_image image=&#8220;3344&#8243; img_size=&#8220;full&#8220; alignment=&#8220;center&#8220; css=&#8220;&#8220;][vc_column_text css=&#8220;&#8220;] Kontakt Felicity Food s.r.o. +420 777 917 385\u202c objednavky@felicityfood.cz [\/vc_column_text][\/vc_column_inner][\/vc_row_inner][\/vc_column][\/vc_row][vc_section css=&#8220;.vc_custom_1756231693928{margin-top: 0px !important;padding-top: 0px !important;}&#8220;][vc_row full_width=&#8220;stretch_row&#8220; bg_cws_repeat=&#8220;no-repeat&#8220; bg_cws_size=&#8220;contain&#8220; bg_image_position=&#8220;left_center&#8220; css=&#8220;.vc_custom_1756231700220{margin-top: 0px !important;padding-top: 30px !important;}&#8220; el_class=&#8220;custom_hp_branches custom_hp_branches&#8211;subpage&#8220;][vc_column][vc_row_inner css=&#8220;.vc_custom_1755076346457{margin-top: [&hellip;]<\/p>\n","protected":false},"author":1,"featured_media":0,"parent":0,"menu_order":0,"comment_status":"closed","ping_status":"closed","template":"","meta":{"_acf_changed":false,"inline_featured_image":false,"footnotes":""},"class_list":["post-719","page","type-page","status-publish","hentry"],"acf":[],"yoast_head":"<!-- This site is optimized with the Yoast SEO plugin v25.9 - https:\/\/yoast.com\/wordpress\/plugins\/seo\/ -->\n<title>Kontakt - Felicity Food<\/title>\n<meta name=\"robots\" content=\"index, follow, max-snippet:-1, max-image-preview:large, max-video-preview:-1\" \/>\n<link rel=\"canonical\" href=\"https:\/\/dkudela.cz\/reference\/felicityfood\/kontakt\/\" \/>\n<meta property=\"og:locale\" content=\"cs_CZ\" \/>\n<meta property=\"og:type\" content=\"article\" \/>\n<meta property=\"og:title\" content=\"Kontakt - Felicity Food\" \/>\n<meta property=\"og:description\" content=\"[vc_row][vc_column][vc_column_text css=&#8220;.vc_custom_1756231747425{border-bottom-width: 3px !important;padding-top: 84px !important;padding-bottom: 57px !important;border-bottom-style: solid !important;border-color: #BF925A !important;}&#8220;] Kontakt [\/vc_column_text][\/vc_column][\/vc_row][vc_row css=&#8220;.vc_custom_1756235353621{padding-top: 36px !important;}&#8220;][vc_column][vc_row_inner][vc_column_inner width=&#8220;2\/3&#8243;][vc_column_text css=&#8220;&#8220;] Odeslat zpr\u00e1vu [\/vc_column_text][\/vc_column_inner][vc_column_inner width=&#8220;1\/3&#8243;][vc_single_image image=&#8220;3344&#8243; img_size=&#8220;full&#8220; alignment=&#8220;center&#8220; css=&#8220;&#8220;][vc_column_text css=&#8220;&#8220;] Kontakt Felicity Food s.r.o. +420 777 917 385\u202c objednavky@felicityfood.cz [\/vc_column_text][\/vc_column_inner][\/vc_row_inner][\/vc_column][\/vc_row][vc_section css=&#8220;.vc_custom_1756231693928{margin-top: 0px !important;padding-top: 0px !important;}&#8220;][vc_row full_width=&#8220;stretch_row&#8220; bg_cws_repeat=&#8220;no-repeat&#8220; bg_cws_size=&#8220;contain&#8220; bg_image_position=&#8220;left_center&#8220; css=&#8220;.vc_custom_1756231700220{margin-top: 0px !important;padding-top: 30px !important;}&#8220; el_class=&#8220;custom_hp_branches custom_hp_branches&#8211;subpage&#8220;][vc_column][vc_row_inner css=&#8220;.vc_custom_1755076346457{margin-top: [&hellip;]\" \/>\n<meta property=\"og:url\" content=\"https:\/\/dkudela.cz\/reference\/felicityfood\/kontakt\/\" \/>\n<meta property=\"og:site_name\" content=\"Felicity Food\" \/>\n<meta property=\"article:modified_time\" content=\"2025-08-26T19:11:24+00:00\" \/>\n<meta name=\"twitter:card\" content=\"summary_large_image\" \/>\n<meta name=\"twitter:label1\" content=\"Odhadovan\u00e1 doba \u010dten\u00ed\" \/>\n\t<meta name=\"twitter:data1\" content=\"1 minuta\" \/>\n<script type=\"application\/ld+json\" class=\"yoast-schema-graph\">{\"@context\":\"https:\/\/schema.org\",\"@graph\":[{\"@type\":\"WebPage\",\"@id\":\"https:\/\/dkudela.cz\/reference\/felicityfood\/kontakt\/\",\"url\":\"https:\/\/dkudela.cz\/reference\/felicityfood\/kontakt\/\",\"name\":\"Kontakt - Felicity Food\",\"isPartOf\":{\"@id\":\"https:\/\/dkudela.cz\/reference\/felicityfood\/#website\"},\"datePublished\":\"2017-12-08T14:13:35+00:00\",\"dateModified\":\"2025-08-26T19:11:24+00:00\",\"breadcrumb\":{\"@id\":\"https:\/\/dkudela.cz\/reference\/felicityfood\/kontakt\/#breadcrumb\"},\"inLanguage\":\"cs\",\"potentialAction\":[{\"@type\":\"ReadAction\",\"target\":[\"https:\/\/dkudela.cz\/reference\/felicityfood\/kontakt\/\"]}]},{\"@type\":\"BreadcrumbList\",\"@id\":\"https:\/\/dkudela.cz\/reference\/felicityfood\/kontakt\/#breadcrumb\",\"itemListElement\":[{\"@type\":\"ListItem\",\"position\":1,\"name\":\"Dom\u016f\",\"item\":\"https:\/\/dkudela.cz\/reference\/felicityfood\/\"},{\"@type\":\"ListItem\",\"position\":2,\"name\":\"Kontakt\"}]},{\"@type\":\"WebSite\",\"@id\":\"https:\/\/dkudela.cz\/reference\/felicityfood\/#website\",\"url\":\"https:\/\/dkudela.cz\/reference\/felicityfood\/\",\"name\":\"Felicity Food\",\"description\":\"Homemade dorty, z\u00e1kusky a zmrzliny\",\"publisher\":{\"@id\":\"https:\/\/dkudela.cz\/reference\/felicityfood\/#organization\"},\"potentialAction\":[{\"@type\":\"SearchAction\",\"target\":{\"@type\":\"EntryPoint\",\"urlTemplate\":\"https:\/\/dkudela.cz\/reference\/felicityfood\/?s={search_term_string}\"},\"query-input\":{\"@type\":\"PropertyValueSpecification\",\"valueRequired\":true,\"valueName\":\"search_term_string\"}}],\"inLanguage\":\"cs\"},{\"@type\":\"Organization\",\"@id\":\"https:\/\/dkudela.cz\/reference\/felicityfood\/#organization\",\"name\":\"Felicity Food\",\"url\":\"https:\/\/dkudela.cz\/reference\/felicityfood\/\",\"logo\":{\"@type\":\"ImageObject\",\"inLanguage\":\"cs\",\"@id\":\"https:\/\/dkudela.cz\/reference\/felicityfood\/#\/schema\/logo\/image\/\",\"url\":\"https:\/\/dkudela.cz\/reference\/felicityfood\/wp-content\/uploads\/2024\/11\/Logo_simple_gold.png\",\"contentUrl\":\"https:\/\/dkudela.cz\/reference\/felicityfood\/wp-content\/uploads\/2024\/11\/Logo_simple_gold.png\",\"width\":638,\"height\":384,\"caption\":\"Felicity Food\"},\"image\":{\"@id\":\"https:\/\/dkudela.cz\/reference\/felicityfood\/#\/schema\/logo\/image\/\"},\"sameAs\":[\"https:\/\/www.instagram.com\/felicity_food\/\"]}]}<\/script>\n<!-- \/ Yoast SEO plugin. -->","yoast_head_json":{"title":"Kontakt - Felicity Food","robots":{"index":"index","follow":"follow","max-snippet":"max-snippet:-1","max-image-preview":"max-image-preview:large","max-video-preview":"max-video-preview:-1"},"canonical":"https:\/\/dkudela.cz\/reference\/felicityfood\/kontakt\/","og_locale":"cs_CZ","og_type":"article","og_title":"Kontakt - Felicity Food","og_description":"[vc_row][vc_column][vc_column_text css=&#8220;.vc_custom_1756231747425{border-bottom-width: 3px !important;padding-top: 84px !important;padding-bottom: 57px !important;border-bottom-style: solid !important;border-color: #BF925A !important;}&#8220;] Kontakt [\/vc_column_text][\/vc_column][\/vc_row][vc_row css=&#8220;.vc_custom_1756235353621{padding-top: 36px !important;}&#8220;][vc_column][vc_row_inner][vc_column_inner width=&#8220;2\/3&#8243;][vc_column_text css=&#8220;&#8220;] Odeslat zpr\u00e1vu [\/vc_column_text][\/vc_column_inner][vc_column_inner width=&#8220;1\/3&#8243;][vc_single_image image=&#8220;3344&#8243; img_size=&#8220;full&#8220; alignment=&#8220;center&#8220; css=&#8220;&#8220;][vc_column_text css=&#8220;&#8220;] Kontakt Felicity Food s.r.o. +420 777 917 385\u202c objednavky@felicityfood.cz [\/vc_column_text][\/vc_column_inner][\/vc_row_inner][\/vc_column][\/vc_row][vc_section css=&#8220;.vc_custom_1756231693928{margin-top: 0px !important;padding-top: 0px !important;}&#8220;][vc_row full_width=&#8220;stretch_row&#8220; bg_cws_repeat=&#8220;no-repeat&#8220; bg_cws_size=&#8220;contain&#8220; bg_image_position=&#8220;left_center&#8220; css=&#8220;.vc_custom_1756231700220{margin-top: 0px !important;padding-top: 30px !important;}&#8220; el_class=&#8220;custom_hp_branches custom_hp_branches&#8211;subpage&#8220;][vc_column][vc_row_inner css=&#8220;.vc_custom_1755076346457{margin-top: [&hellip;]","og_url":"https:\/\/dkudela.cz\/reference\/felicityfood\/kontakt\/","og_site_name":"Felicity Food","article_modified_time":"2025-08-26T19:11:24+00:00","twitter_card":"summary_large_image","twitter_misc":{"Odhadovan\u00e1 doba \u010dten\u00ed":"1 minuta"},"schema":{"@context":"https:\/\/schema.org","@graph":[{"@type":"WebPage","@id":"https:\/\/dkudela.cz\/reference\/felicityfood\/kontakt\/","url":"https:\/\/dkudela.cz\/reference\/felicityfood\/kontakt\/","name":"Kontakt - Felicity Food","isPartOf":{"@id":"https:\/\/dkudela.cz\/reference\/felicityfood\/#website"},"datePublished":"2017-12-08T14:13:35+00:00","dateModified":"2025-08-26T19:11:24+00:00","breadcrumb":{"@id":"https:\/\/dkudela.cz\/reference\/felicityfood\/kontakt\/#breadcrumb"},"inLanguage":"cs","potentialAction":[{"@type":"ReadAction","target":["https:\/\/dkudela.cz\/reference\/felicityfood\/kontakt\/"]}]},{"@type":"BreadcrumbList","@id":"https:\/\/dkudela.cz\/reference\/felicityfood\/kontakt\/#breadcrumb","itemListElement":[{"@type":"ListItem","position":1,"name":"Dom\u016f","item":"https:\/\/dkudela.cz\/reference\/felicityfood\/"},{"@type":"ListItem","position":2,"name":"Kontakt"}]},{"@type":"WebSite","@id":"https:\/\/dkudela.cz\/reference\/felicityfood\/#website","url":"https:\/\/dkudela.cz\/reference\/felicityfood\/","name":"Felicity Food","description":"Homemade dorty, z\u00e1kusky a zmrzliny","publisher":{"@id":"https:\/\/dkudela.cz\/reference\/felicityfood\/#organization"},"potentialAction":[{"@type":"SearchAction","target":{"@type":"EntryPoint","urlTemplate":"https:\/\/dkudela.cz\/reference\/felicityfood\/?s={search_term_string}"},"query-input":{"@type":"PropertyValueSpecification","valueRequired":true,"valueName":"search_term_string"}}],"inLanguage":"cs"},{"@type":"Organization","@id":"https:\/\/dkudela.cz\/reference\/felicityfood\/#organization","name":"Felicity Food","url":"https:\/\/dkudela.cz\/reference\/felicityfood\/","logo":{"@type":"ImageObject","inLanguage":"cs","@id":"https:\/\/dkudela.cz\/reference\/felicityfood\/#\/schema\/logo\/image\/","url":"https:\/\/dkudela.cz\/reference\/felicityfood\/wp-content\/uploads\/2024\/11\/Logo_simple_gold.png","contentUrl":"https:\/\/dkudela.cz\/reference\/felicityfood\/wp-content\/uploads\/2024\/11\/Logo_simple_gold.png","width":638,"height":384,"caption":"Felicity Food"},"image":{"@id":"https:\/\/dkudela.cz\/reference\/felicityfood\/#\/schema\/logo\/image\/"},"sameAs":["https:\/\/www.instagram.com\/felicity_food\/"]}]}},"_links":{"self":[{"href":"https:\/\/dkudela.cz\/reference\/felicityfood\/wp-json\/wp\/v2\/pages\/719","targetHints":{"allow":["GET"]}}],"collection":[{"href":"https:\/\/dkudela.cz\/reference\/felicityfood\/wp-json\/wp\/v2\/pages"}],"about":[{"href":"https:\/\/dkudela.cz\/reference\/felicityfood\/wp-json\/wp\/v2\/types\/page"}],"author":[{"embeddable":true,"href":"https:\/\/dkudela.cz\/reference\/felicityfood\/wp-json\/wp\/v2\/users\/1"}],"replies":[{"embeddable":true,"href":"https:\/\/dkudela.cz\/reference\/felicityfood\/wp-json\/wp\/v2\/comments?post=719"}],"version-history":[{"count":0,"href":"https:\/\/dkudela.cz\/reference\/felicityfood\/wp-json\/wp\/v2\/pages\/719\/revisions"}],"wp:attachment":[{"href":"https:\/\/dkudela.cz\/reference\/felicityfood\/wp-json\/wp\/v2\/media?parent=719"}],"curies":[{"name":"wp","href":"https:\/\/api.w.org\/{rel}","templated":true}]}}