{"id":3117,"date":"2025-04-15T19:58:50","date_gmt":"2025-04-15T17:58:50","guid":{"rendered":"https:\/\/dkudela.cz\/reference\/felicityfood\/?page_id=3117"},"modified":"2025-04-15T20:00:39","modified_gmt":"2025-04-15T18:00:39","slug":"privacy-policy","status":"publish","type":"page","link":"https:\/\/dkudela.cz\/reference\/felicityfood\/en\/privacy-policy\/","title":{"rendered":"Privacy Policy"},"content":{"rendered":"\n<p>Please read the contents of this page before clicking on the consent to cookies at the bottom right or submitting the form.<\/p>\n\n\n\n<h2 class=\"wp-block-heading\">What personal data we collect and why we collect it<\/h2>\n\n\n\n<p>The felicityfood.cz website collects personal data both directly from the subject (by filling in the form) and automatically. All cases will now be discussed in detail. You will learn about the legal grounds for the processing, the purpose of the processing and the ways in which you can access your rights.<\/p>\n\n\n\n<h3 class=\"wp-block-heading\">Contact forms<\/h3>\n\n\n\n<p>There is a contact form in several places on the felicityfood.cz website for people interested in our services. There are only two mandatory fields for submitting the contact form: email address and name. In the case of an enquiry form, there are three mandatory fields: email address, name and surname and telephone.<\/p>\n\n\n\n<ul class=\"wp-block-list\">\n<li><strong>Personal data:\u00a0<\/strong>e-mail address, name, phone, message<\/li>\n\n\n\n<li><strong>Obtaining personal data:\u00a0<\/strong>from the subject<\/li>\n\n\n\n<li><strong>Legality:\u00a0<\/strong>consent of the subject<\/li>\n\n\n\n<li><strong>Purpose:\u00a0<\/strong>contact information, usable for user support, training and personnel management or the establishment of a contractual relationship<\/li>\n\n\n\n<li><strong>Information on processing:\u00a0<\/strong>if a natural person is in a contractual relationship with felicityfood.cz or represents a legal entity that is in a contractual relationship with felicityfood.cz, the lawfulness of the processing occurs according to Article 6 1.b . The same applies if a contractual relationship is established through the use of this contact form. In other cases, personal data is processed as contact information.<\/li>\n<\/ul>\n","protected":false},"excerpt":{"rendered":"<p>Please read the contents of this page before clicking on the consent to cookies at the bottom right or submitting the form. What personal data we collect and why we collect it The felicityfood.cz website collects personal data both directly from the subject (by filling in the form) and automatically. All cases will now be [&hellip;]<\/p>\n","protected":false},"author":1,"featured_media":0,"parent":0,"menu_order":0,"comment_status":"closed","ping_status":"closed","template":"","meta":{"_acf_changed":false,"inline_featured_image":false,"footnotes":""},"class_list":["post-3117","page","type-page","status-publish","hentry"],"acf":[],"yoast_head":"<!-- This site is optimized with the Yoast SEO plugin v25.9 - https:\/\/yoast.com\/wordpress\/plugins\/seo\/ -->\n<title>Privacy Policy - Felicity Food<\/title>\n<meta name=\"robots\" content=\"index, follow, max-snippet:-1, max-image-preview:large, max-video-preview:-1\" \/>\n<link rel=\"canonical\" href=\"https:\/\/dkudela.cz\/reference\/felicityfood\/en\/privacy-policy\/\" \/>\n<meta property=\"og:locale\" content=\"cs_CZ\" \/>\n<meta property=\"og:type\" content=\"article\" \/>\n<meta property=\"og:title\" content=\"Privacy Policy - Felicity Food\" \/>\n<meta property=\"og:description\" content=\"Please read the contents of this page before clicking on the consent to cookies at the bottom right or submitting the form. What personal data we collect and why we collect it The felicityfood.cz website collects personal data both directly from the subject (by filling in the form) and automatically. All cases will now be [&hellip;]\" \/>\n<meta property=\"og:url\" content=\"https:\/\/dkudela.cz\/reference\/felicityfood\/en\/privacy-policy\/\" \/>\n<meta property=\"og:site_name\" content=\"Felicity Food\" \/>\n<meta property=\"article:modified_time\" content=\"2025-04-15T18:00:39+00:00\" \/>\n<meta name=\"twitter:card\" content=\"summary_large_image\" \/>\n<meta name=\"twitter:label1\" content=\"Odhadovan\u00e1 doba \u010dten\u00ed\" \/>\n\t<meta name=\"twitter:data1\" content=\"2 minuty\" \/>\n<script type=\"application\/ld+json\" class=\"yoast-schema-graph\">{\"@context\":\"https:\/\/schema.org\",\"@graph\":[{\"@type\":\"WebPage\",\"@id\":\"https:\/\/dkudela.cz\/reference\/felicityfood\/en\/privacy-policy\/\",\"url\":\"https:\/\/dkudela.cz\/reference\/felicityfood\/en\/privacy-policy\/\",\"name\":\"Privacy Policy - Felicity Food\",\"isPartOf\":{\"@id\":\"https:\/\/dkudela.cz\/reference\/felicityfood\/#website\"},\"datePublished\":\"2025-04-15T17:58:50+00:00\",\"dateModified\":\"2025-04-15T18:00:39+00:00\",\"breadcrumb\":{\"@id\":\"https:\/\/dkudela.cz\/reference\/felicityfood\/en\/privacy-policy\/#breadcrumb\"},\"inLanguage\":\"cs\",\"potentialAction\":[{\"@type\":\"ReadAction\",\"target\":[\"https:\/\/dkudela.cz\/reference\/felicityfood\/en\/privacy-policy\/\"]}]},{\"@type\":\"BreadcrumbList\",\"@id\":\"https:\/\/dkudela.cz\/reference\/felicityfood\/en\/privacy-policy\/#breadcrumb\",\"itemListElement\":[{\"@type\":\"ListItem\",\"position\":1,\"name\":\"Dom\u016f\",\"item\":\"https:\/\/dkudela.cz\/reference\/felicityfood\/\"},{\"@type\":\"ListItem\",\"position\":2,\"name\":\"Privacy Policy\"}]},{\"@type\":\"WebSite\",\"@id\":\"https:\/\/dkudela.cz\/reference\/felicityfood\/#website\",\"url\":\"https:\/\/dkudela.cz\/reference\/felicityfood\/\",\"name\":\"Felicity Food\",\"description\":\"Homemade dorty, z\u00e1kusky a zmrzliny\",\"publisher\":{\"@id\":\"https:\/\/dkudela.cz\/reference\/felicityfood\/#organization\"},\"potentialAction\":[{\"@type\":\"SearchAction\",\"target\":{\"@type\":\"EntryPoint\",\"urlTemplate\":\"https:\/\/dkudela.cz\/reference\/felicityfood\/?s={search_term_string}\"},\"query-input\":{\"@type\":\"PropertyValueSpecification\",\"valueRequired\":true,\"valueName\":\"search_term_string\"}}],\"inLanguage\":\"cs\"},{\"@type\":\"Organization\",\"@id\":\"https:\/\/dkudela.cz\/reference\/felicityfood\/#organization\",\"name\":\"Felicity Food\",\"url\":\"https:\/\/dkudela.cz\/reference\/felicityfood\/\",\"logo\":{\"@type\":\"ImageObject\",\"inLanguage\":\"cs\",\"@id\":\"https:\/\/dkudela.cz\/reference\/felicityfood\/#\/schema\/logo\/image\/\",\"url\":\"https:\/\/dkudela.cz\/reference\/felicityfood\/wp-content\/uploads\/2024\/11\/Logo_simple_gold.png\",\"contentUrl\":\"https:\/\/dkudela.cz\/reference\/felicityfood\/wp-content\/uploads\/2024\/11\/Logo_simple_gold.png\",\"width\":638,\"height\":384,\"caption\":\"Felicity Food\"},\"image\":{\"@id\":\"https:\/\/dkudela.cz\/reference\/felicityfood\/#\/schema\/logo\/image\/\"},\"sameAs\":[\"https:\/\/www.instagram.com\/felicity_food\/\"]}]}<\/script>\n<!-- \/ Yoast SEO plugin. -->","yoast_head_json":{"title":"Privacy Policy - Felicity Food","robots":{"index":"index","follow":"follow","max-snippet":"max-snippet:-1","max-image-preview":"max-image-preview:large","max-video-preview":"max-video-preview:-1"},"canonical":"https:\/\/dkudela.cz\/reference\/felicityfood\/en\/privacy-policy\/","og_locale":"cs_CZ","og_type":"article","og_title":"Privacy Policy - Felicity Food","og_description":"Please read the contents of this page before clicking on the consent to cookies at the bottom right or submitting the form. What personal data we collect and why we collect it The felicityfood.cz website collects personal data both directly from the subject (by filling in the form) and automatically. All cases will now be [&hellip;]","og_url":"https:\/\/dkudela.cz\/reference\/felicityfood\/en\/privacy-policy\/","og_site_name":"Felicity Food","article_modified_time":"2025-04-15T18:00:39+00:00","twitter_card":"summary_large_image","twitter_misc":{"Odhadovan\u00e1 doba \u010dten\u00ed":"2 minuty"},"schema":{"@context":"https:\/\/schema.org","@graph":[{"@type":"WebPage","@id":"https:\/\/dkudela.cz\/reference\/felicityfood\/en\/privacy-policy\/","url":"https:\/\/dkudela.cz\/reference\/felicityfood\/en\/privacy-policy\/","name":"Privacy Policy - Felicity Food","isPartOf":{"@id":"https:\/\/dkudela.cz\/reference\/felicityfood\/#website"},"datePublished":"2025-04-15T17:58:50+00:00","dateModified":"2025-04-15T18:00:39+00:00","breadcrumb":{"@id":"https:\/\/dkudela.cz\/reference\/felicityfood\/en\/privacy-policy\/#breadcrumb"},"inLanguage":"cs","potentialAction":[{"@type":"ReadAction","target":["https:\/\/dkudela.cz\/reference\/felicityfood\/en\/privacy-policy\/"]}]},{"@type":"BreadcrumbList","@id":"https:\/\/dkudela.cz\/reference\/felicityfood\/en\/privacy-policy\/#breadcrumb","itemListElement":[{"@type":"ListItem","position":1,"name":"Dom\u016f","item":"https:\/\/dkudela.cz\/reference\/felicityfood\/"},{"@type":"ListItem","position":2,"name":"Privacy Policy"}]},{"@type":"WebSite","@id":"https:\/\/dkudela.cz\/reference\/felicityfood\/#website","url":"https:\/\/dkudela.cz\/reference\/felicityfood\/","name":"Felicity Food","description":"Homemade dorty, z\u00e1kusky a zmrzliny","publisher":{"@id":"https:\/\/dkudela.cz\/reference\/felicityfood\/#organization"},"potentialAction":[{"@type":"SearchAction","target":{"@type":"EntryPoint","urlTemplate":"https:\/\/dkudela.cz\/reference\/felicityfood\/?s={search_term_string}"},"query-input":{"@type":"PropertyValueSpecification","valueRequired":true,"valueName":"search_term_string"}}],"inLanguage":"cs"},{"@type":"Organization","@id":"https:\/\/dkudela.cz\/reference\/felicityfood\/#organization","name":"Felicity Food","url":"https:\/\/dkudela.cz\/reference\/felicityfood\/","logo":{"@type":"ImageObject","inLanguage":"cs","@id":"https:\/\/dkudela.cz\/reference\/felicityfood\/#\/schema\/logo\/image\/","url":"https:\/\/dkudela.cz\/reference\/felicityfood\/wp-content\/uploads\/2024\/11\/Logo_simple_gold.png","contentUrl":"https:\/\/dkudela.cz\/reference\/felicityfood\/wp-content\/uploads\/2024\/11\/Logo_simple_gold.png","width":638,"height":384,"caption":"Felicity Food"},"image":{"@id":"https:\/\/dkudela.cz\/reference\/felicityfood\/#\/schema\/logo\/image\/"},"sameAs":["https:\/\/www.instagram.com\/felicity_food\/"]}]}},"_links":{"self":[{"href":"https:\/\/dkudela.cz\/reference\/felicityfood\/wp-json\/wp\/v2\/pages\/3117","targetHints":{"allow":["GET"]}}],"collection":[{"href":"https:\/\/dkudela.cz\/reference\/felicityfood\/wp-json\/wp\/v2\/pages"}],"about":[{"href":"https:\/\/dkudela.cz\/reference\/felicityfood\/wp-json\/wp\/v2\/types\/page"}],"author":[{"embeddable":true,"href":"https:\/\/dkudela.cz\/reference\/felicityfood\/wp-json\/wp\/v2\/users\/1"}],"replies":[{"embeddable":true,"href":"https:\/\/dkudela.cz\/reference\/felicityfood\/wp-json\/wp\/v2\/comments?post=3117"}],"version-history":[{"count":0,"href":"https:\/\/dkudela.cz\/reference\/felicityfood\/wp-json\/wp\/v2\/pages\/3117\/revisions"}],"wp:attachment":[{"href":"https:\/\/dkudela.cz\/reference\/felicityfood\/wp-json\/wp\/v2\/media?parent=3117"}],"curies":[{"name":"wp","href":"https:\/\/api.w.org\/{rel}","templated":true}]}}