{"id":3083,"date":"2025-04-15T17:47:33","date_gmt":"2025-04-15T15:47:33","guid":{"rendered":"https:\/\/dkudela.cz\/reference\/felicityfood\/?page_id=3083"},"modified":"2025-09-10T10:31:34","modified_gmt":"2025-09-10T08:31:34","slug":"oc-cestlice","status":"publish","type":"page","link":"https:\/\/dkudela.cz\/reference\/felicityfood\/en\/branches\/oc-cestlice\/","title":{"rendered":"OC \u010cestlice"},"content":{"rendered":"<div class=\"wpb-content-wrapper\">[vc_row][vc_column][vc_column_text css=&#8220;.vc_custom_1756233591444{border-bottom-width: 3px !important;padding-top: 84px !important;padding-bottom: 57px !important;border-bottom-style: solid !important;border-color: #BF925A !important;}&#8220;]\n<h1 style=\"text-align: center;\"><strong>OC \u010cestlice<\/strong><\/h1>\n[\/vc_column_text][\/vc_column][\/vc_row][vc_row css=&#8220;.vc_custom_1756233381287{padding-top: 48px !important;padding-bottom: 48px !important;}&#8220;][vc_column width=&#8220;1\/2&#8243;][vc_single_image image=&#8220;2341&#8243; img_size=&#8220;large&#8220; alignment=&#8220;center&#8220; css=&#8220;.vc_custom_1756233618654{border-radius: 20px !important;}&#8220; el_class=&#8220;img-border-radius&#8220;][\/vc_column][vc_column width=&#8220;1\/2&#8243;][vc_single_image image=&#8220;3344&#8243; img_size=&#8220;full&#8220; alignment=&#8220;center&#8220; css=&#8220;&#8220;][vc_column_text css=&#8220;&#8220;]\n<h4 style=\"text-align: center;\"><strong>Where to find us<\/strong><\/h4>\n[\/vc_column_text][vc_column_text css=&#8220;&#8220;]\n<p style=\"text-align: center;\">Obchodn\u00ed 111, \u010cestlice-\u0158\u00ed\u010dany u Prahy<br \/>\n1st Floor<\/p>\n[\/vc_column_text][vc_column_text css=&#8220;&#8220;]\n<h4 style=\"text-align: center;\"><strong>Contacts<\/strong><\/h4>\n[\/vc_column_text][vc_column_text css=&#8220;&#8220;]\n<p style=\"text-align: center; margin-bottom: 0px;\"><a href=\"tel:\u202d420777917385\u202c\">\u202d+420 777 917 385\u202c<\/a><br \/>\n<a href=\"mailto:objednavky@felicityfood.cz\">objednavky@felicityfood.cz<\/a><\/p>\n[\/vc_column_text][\/vc_column][\/vc_row][vc_section css=&#8220;.vc_custom_1755077762509{margin-top: 0px !important;padding-top: 0px !important;}&#8220;][vc_row full_width=&#8220;stretch_row&#8220; bg_cws_repeat=&#8220;no-repeat&#8220; bg_cws_size=&#8220;contain&#8220; bg_image_position=&#8220;left_center&#8220; bg_cws_color=&#8220;color&#8220; cws_overlay_color=&#8220;#BF9159&#8243; crop=&#8220;1&#8243; css=&#8220;.vc_custom_1756232751710{margin-top: 0px !important;padding-top: 30px !important;padding-bottom: 120px !important;}&#8220; el_class=&#8220;custom_hp_branches&#8220;][vc_column][vc_column_text css=&#8220;.vc_custom_1757492318834{margin-top: 40px !important;}&#8220; el_class=&#8220;color-white&#8220;]\n<h4 style=\"text-align: center;\"><strong>Opening hours<\/strong><\/h4>\n<p style=\"text-align: center; margin-bottom: 0px;\">Mon-Fri: 9:00 \u2013 22:00<br \/>\nSat-Sun: 9:00 \u2013 21:00<\/p>\n[\/vc_column_text][vc_single_image image=&#8220;2625&#8243; img_size=&#8220;full&#8220; css=&#8220;.vc_custom_1756233771792{margin-top: 40px !important;border-radius: 20px !important;}&#8220; el_class=&#8220;img-border-radius&#8220;][\/vc_column][\/vc_row][\/vc_section][vc_section css=&#8220;.vc_custom_1755077762509{margin-top: 0px !important;padding-top: 0px !important;}&#8220;][vc_row full_width=&#8220;stretch_row&#8220; bg_cws_repeat=&#8220;no-repeat&#8220; bg_cws_size=&#8220;contain&#8220; bg_image_position=&#8220;left_center&#8220; css=&#8220;.vc_custom_1756232047567{margin-top: 0px !important;padding-top: 30px !important;}&#8220; el_class=&#8220;custom_hp_branches&#8220;][vc_column][vc_row_inner css=&#8220;.vc_custom_1755076346457{margin-top: 60px !important;}&#8220;][vc_column_inner][vc_raw_html css=&#8220;&#8220; el_class=&#8220;custom-map-box&#8220;]JTNDc2NyaXB0JTBBJTIwJTIwc3JjJTNEJTIyaHR0cHMlM0ElMkYlMkZtYXBzLmdvb2dsZWFwaXMuY29tJTJGbWFwcyUyRmFwaSUyRmpzJTNGa2V5JTNEQUl6YVN5QWpqWGp6RVBVNHFGODlQLVF5Sm1iTnVLMlZiZXdtX21FJTI2bG9hZGluZyUzRGFzeW5jJTI2bGFuZ3VhZ2UlM0RlbiUyNnJlZ2lvbiUzREdCJTI2Y2FsbGJhY2slM0Rpbml0TWFwJTIyJTNFJTNDJTJGc2NyaXB0JTNFJTBBJTNDZGl2JTNFJTBBJTIwJTIwJTNDZGl2JTIwaWQlM0QlMjJtYXAlMjIlMjBzdHlsZSUzRCUyMmhlaWdodCUzQTMzMnB4JTNCJTIwd2lkdGglM0ElMjAxMDAlMjUlM0IlMjIlMjBkYXRhLWN1cnJlbnQtcGluJTNEJTIyMiUyMiUyMGRhdGEtY29udHJvbC1vZmZzZXQlM0QlMjJib3R0b20lMjIlM0UlM0MlMkZkaXYlM0UlMEElM0MlMkZkaXYlM0UlMEE=[\/vc_raw_html][\/vc_column_inner][\/vc_row_inner][\/vc_column][\/vc_row][\/vc_section][vc_section css=&#8220;.vc_custom_1756231693928{margin-top: 0px !important;padding-top: 0px !important;}&#8220;][vc_row full_width=&#8220;stretch_row&#8220; bg_cws_repeat=&#8220;no-repeat&#8220; bg_cws_size=&#8220;contain&#8220; bg_image_position=&#8220;left_center&#8220; css=&#8220;.vc_custom_1756231700220{margin-top: 0px !important;padding-top: 30px !important;}&#8220; el_class=&#8220;custom_hp_branches custom_hp_branches&#8211;subpage&#8220;][vc_column][vc_row_inner el_class=&#8220;custom_hp_branches_grid&#8220;][vc_column_inner width=&#8220;1\/2&#8243; css=&#8220;.vc_custom_1755077332188{border-radius: 15px !important;}&#8220;]<div id='banner_id_69f4a085868d4' class='bellaria_banner  with_button location-box render_styles' data-style='&quot;#banner_id_69f4a085868d4 .banner_wrapper:before{\\r\\n\\t\\tbackground: #00000000;\\r\\n\\t}&quot;'><div class='banner_wrapper' style='background:url(https:\/\/dkudela.cz\/reference\/felicityfood\/wp-content\/uploads\/2024\/10\/metropole_zlicin.jpg)'><div class='banner_table a-left top'><div class='banner_cell' ><h2 class='banner_offer'>Metropole Zli\u010d\u00edn<\/h2><h4 class='banner_title'>\u0158evnick\u00e1 121\/1,<br \/>\nPraha 5-T\u0159ebonice<\/p>\n<p>1st Floor<\/h4><\/div><\/div><div class='banner_button'><div data-style='&quot;#bellaria_button_69f4a08587023.with_bg,\\r\\n\\t\\t\\t#bellaria_button_69f4a08587023.with_bg span:before{\\r\\n\\t\\t\\tbox-shadow: 0px 0px 0px 3px #fff;\\r\\n    \\t\\tbackground: #fff;\\r\\n\\t\\t}#bellaria_button_69f4a08587023.bellaria_button{\\r\\n\\t\\t\\tcolor: #FFFFFF;\\r\\n\\t\\t\\tbackground-color: #0E4029;\\r\\n\\t\\t\\tborder-color: #EDE9E7;\\r\\n\\t\\t}#bellaria_button_69f4a08587023.bellaria_button &gt; i{\\r\\n\\t\\t\\tcolor: #FFFFFF;\\r\\n\\t\\t}#bellaria_button_69f4a08587023.bellaria_button:hover{\\r\\n\\t\\t\\tcolor: #0E4029;\\r\\n\\t\\t\\tbackground-color: #FFFFFF;\\r\\n\\t\\t\\tborder-color: #0E4029;\\t\\r\\n\\t\\t}#bellaria_button_69f4a08587023.bellaria_button:hover &gt; i{\\r\\n\\t\\t\\tcolor: #0E4029;\\r\\n\\t\\t}#bellaria_button_69f4a08587023.bellaria_button span:before{\\r\\n\\t\\t\\tbackground-color: #0E4029;\\r\\n\\t\\t\\tborder-color: #EDE9E7;\\r\\n\\t\\t}#bellaria_button_69f4a08587023.bellaria_button:hover span:before{\\r\\n\\t\\t\\tbackground-color: #FFFFFF;\\r\\n\\t\\t\\tborder-color: #0E4029;\\r\\n\\t\\t}&quot;' class='bellaria_button_wrapper render_styles'><a href='https:\/\/dkudela.cz\/reference\/felicityfood\/en\/branches\/metropole-zlicin\/' id='bellaria_button_69f4a08587023' class='bellaria_button small original alt with_bg' ><span><\/span>Show more<span><\/span><\/a><\/div><\/div><\/div><\/div>[\/vc_column_inner][vc_column_inner width=&#8220;1\/2&#8243; css=&#8220;.vc_custom_1755077324175{border-radius: 15px !important;}&#8220;]<div id='banner_id_69f4a08587070' class='bellaria_banner  with_button location-box render_styles' data-style='&quot;#banner_id_69f4a08587070 .banner_wrapper:before{\\r\\n\\t\\tbackground: #00000000;\\r\\n\\t}&quot;'><div class='banner_wrapper' style='background:url(https:\/\/dkudela.cz\/reference\/felicityfood\/wp-content\/uploads\/2025\/08\/oc_stromovka_new.jpg)'><div class='banner_table a-left top'><div class='banner_cell' ><h2 class='banner_offer'>OC Stromovka<\/h2><h4 class='banner_title'>Veletr\u017en\u00ed 24,<br \/>\nPraha 7-Hole\u0161ovice<\/p>\n<p>1st Floor<\/h4><\/div><\/div><div class='banner_button'><div data-style='&quot;#bellaria_button_69f4a08587359.with_bg,\\r\\n\\t\\t\\t#bellaria_button_69f4a08587359.with_bg span:before{\\r\\n\\t\\t\\tbox-shadow: 0px 0px 0px 3px #fff;\\r\\n    \\t\\tbackground: #fff;\\r\\n\\t\\t}#bellaria_button_69f4a08587359.bellaria_button{\\r\\n\\t\\t\\tcolor: #FFFFFF;\\r\\n\\t\\t\\tbackground-color: #0E4029;\\r\\n\\t\\t\\tborder-color: #EDE9E7;\\r\\n\\t\\t}#bellaria_button_69f4a08587359.bellaria_button &gt; i{\\r\\n\\t\\t\\tcolor: #FFFFFF;\\r\\n\\t\\t}#bellaria_button_69f4a08587359.bellaria_button:hover{\\r\\n\\t\\t\\tcolor: #0E4029;\\r\\n\\t\\t\\tbackground-color: #FFFFFF;\\r\\n\\t\\t\\tborder-color: #0E4029;\\t\\r\\n\\t\\t}#bellaria_button_69f4a08587359.bellaria_button:hover &gt; i{\\r\\n\\t\\t\\tcolor: #0E4029;\\r\\n\\t\\t}#bellaria_button_69f4a08587359.bellaria_button span:before{\\r\\n\\t\\t\\tbackground-color: #0E4029;\\r\\n\\t\\t\\tborder-color: #EDE9E7;\\r\\n\\t\\t}#bellaria_button_69f4a08587359.bellaria_button:hover span:before{\\r\\n\\t\\t\\tbackground-color: #FFFFFF;\\r\\n\\t\\t\\tborder-color: #0E4029;\\r\\n\\t\\t}&quot;' class='bellaria_button_wrapper render_styles'><a href='https:\/\/dkudela.cz\/reference\/felicityfood\/en\/branches\/oc-stromovka\/' id='bellaria_button_69f4a08587359' class='bellaria_button small original alt with_bg' ><span><\/span>Show more<span><\/span><\/a><\/div><\/div><\/div><\/div>[\/vc_column_inner][\/vc_row_inner][vc_row_inner el_class=&#8220;custom_hp_branches_grid&#8220; css=&#8220;.vc_custom_1755077445593{margin-top: 20px !important;border-radius: 15px !important;}&#8220;][vc_column_inner width=&#8220;1\/2&#8243; css=&#8220;.vc_custom_1755086147768{border-radius: 15px !important;}&#8220;]<div id='banner_id_69f4a0858739b' class='bellaria_banner  with_button location-box render_styles' data-style='&quot;#banner_id_69f4a0858739b .banner_wrapper:before{\\r\\n\\t\\tbackground: #00000000;\\r\\n\\t}&quot;'><div class='banner_wrapper' style='background:url(https:\/\/dkudela.cz\/reference\/felicityfood\/wp-content\/uploads\/2025\/08\/oc_luziny_pobocka.jpg)'><div class='banner_table a-left top'><div class='banner_cell' ><h2 class='banner_offer'>OC Lu\u017einy<\/h2><h4 class='banner_title'>Archeologick\u00e1 2256\/1,<br \/>\nPraha 5<\/p>\n<p>2st Floor<\/h4><\/div><\/div><div class='banner_button'><div data-style='&quot;#bellaria_button_69f4a08587643.with_bg,\\r\\n\\t\\t\\t#bellaria_button_69f4a08587643.with_bg span:before{\\r\\n\\t\\t\\tbox-shadow: 0px 0px 0px 3px #fff;\\r\\n    \\t\\tbackground: #fff;\\r\\n\\t\\t}#bellaria_button_69f4a08587643.bellaria_button{\\r\\n\\t\\t\\tcolor: #FFFFFF;\\r\\n\\t\\t\\tbackground-color: #0E4029;\\r\\n\\t\\t\\tborder-color: #EDE9E7;\\r\\n\\t\\t}#bellaria_button_69f4a08587643.bellaria_button &gt; i{\\r\\n\\t\\t\\tcolor: #FFFFFF;\\r\\n\\t\\t}#bellaria_button_69f4a08587643.bellaria_button:hover{\\r\\n\\t\\t\\tcolor: #0E4029;\\r\\n\\t\\t\\tbackground-color: #FFFFFF;\\r\\n\\t\\t\\tborder-color: #0E4029;\\t\\r\\n\\t\\t}#bellaria_button_69f4a08587643.bellaria_button:hover &gt; i{\\r\\n\\t\\t\\tcolor: #0E4029;\\r\\n\\t\\t}#bellaria_button_69f4a08587643.bellaria_button span:before{\\r\\n\\t\\t\\tbackground-color: #0E4029;\\r\\n\\t\\t\\tborder-color: #EDE9E7;\\r\\n\\t\\t}#bellaria_button_69f4a08587643.bellaria_button:hover span:before{\\r\\n\\t\\t\\tbackground-color: #FFFFFF;\\r\\n\\t\\t\\tborder-color: #0E4029;\\r\\n\\t\\t}&quot;' class='bellaria_button_wrapper render_styles'><a href='https:\/\/dkudela.cz\/reference\/felicityfood\/en\/branches\/oc-luziny\/' id='bellaria_button_69f4a08587643' class='bellaria_button small original alt with_bg' ><span><\/span>Show more<span><\/span><\/a><\/div><\/div><\/div><\/div>[\/vc_column_inner][vc_column_inner width=&#8220;1\/2&#8243; css=&#8220;.vc_custom_1755086152309{border-radius: 15px !important;}&#8220;]<div id='banner_id_69f4a08587680' class='bellaria_banner  with_button location-box factory-box render_styles' data-style='&quot;#banner_id_69f4a08587680 .banner_wrapper:before{\\r\\n\\t\\tbackground: #00000000;\\r\\n\\t}&quot;'><div class='banner_wrapper' style='background:url(https:\/\/dkudela.cz\/reference\/felicityfood\/wp-content\/uploads\/2025\/08\/felicityfood-vyrobna.jpg)'><div class='banner_table a-left top'><div class='banner_cell' ><h2 class='banner_offer'>V\u00fdrobna Felicity Food<\/h2><h4 class='banner_title'>Tererova 1355,<br \/>\n149 00 Praha 11-Chodov<\/h4><\/div><\/div><div class='banner_button'><div data-style='&quot;#bellaria_button_69f4a0858792f.with_bg,\\r\\n\\t\\t\\t#bellaria_button_69f4a0858792f.with_bg span:before{\\r\\n\\t\\t\\tbox-shadow: 0px 0px 0px 3px #fff;\\r\\n    \\t\\tbackground: #fff;\\r\\n\\t\\t}#bellaria_button_69f4a0858792f.bellaria_button{\\r\\n\\t\\t\\tcolor: #FFFFFF;\\r\\n\\t\\t\\tbackground-color: #0E4029;\\r\\n\\t\\t\\tborder-color: #EDE9E7;\\r\\n\\t\\t}#bellaria_button_69f4a0858792f.bellaria_button &gt; i{\\r\\n\\t\\t\\tcolor: #FFFFFF;\\r\\n\\t\\t}#bellaria_button_69f4a0858792f.bellaria_button:hover{\\r\\n\\t\\t\\tcolor: #0E4029;\\r\\n\\t\\t\\tbackground-color: #FFFFFF;\\r\\n\\t\\t\\tborder-color: #0E4029;\\t\\r\\n\\t\\t}#bellaria_button_69f4a0858792f.bellaria_button:hover &gt; i{\\r\\n\\t\\t\\tcolor: #0E4029;\\r\\n\\t\\t}#bellaria_button_69f4a0858792f.bellaria_button span:before{\\r\\n\\t\\t\\tbackground-color: #0E4029;\\r\\n\\t\\t\\tborder-color: #EDE9E7;\\r\\n\\t\\t}#bellaria_button_69f4a0858792f.bellaria_button:hover span:before{\\r\\n\\t\\t\\tbackground-color: #FFFFFF;\\r\\n\\t\\t\\tborder-color: #0E4029;\\r\\n\\t\\t}&quot;' class='bellaria_button_wrapper render_styles'><a href='https:\/\/dkudela.cz\/reference\/felicityfood\/en\/branches\/production-felicity-food\/' id='bellaria_button_69f4a0858792f' class='bellaria_button small original alt with_bg' ><span><\/span>Show more<span><\/span><\/a><\/div><\/div><\/div><\/div>[\/vc_column_inner][\/vc_row_inner][\/vc_column][\/vc_row][\/vc_section]\n<\/div>","protected":false},"excerpt":{"rendered":"<p>[vc_row][vc_column][vc_column_text css=&#8220;.vc_custom_1756233591444{border-bottom-width: 3px !important;padding-top: 84px !important;padding-bottom: 57px !important;border-bottom-style: solid !important;border-color: #BF925A !important;}&#8220;] OC \u010cestlice [\/vc_column_text][\/vc_column][\/vc_row][vc_row css=&#8220;.vc_custom_1756233381287{padding-top: 48px !important;padding-bottom: 48px !important;}&#8220;][vc_column width=&#8220;1\/2&#8243;][vc_single_image image=&#8220;2341&#8243; img_size=&#8220;large&#8220; alignment=&#8220;center&#8220; css=&#8220;.vc_custom_1756233618654{border-radius: 20px !important;}&#8220; el_class=&#8220;img-border-radius&#8220;][\/vc_column][vc_column width=&#8220;1\/2&#8243;][vc_single_image image=&#8220;3344&#8243; img_size=&#8220;full&#8220; alignment=&#8220;center&#8220; css=&#8220;&#8220;][vc_column_text css=&#8220;&#8220;] Where to find us [\/vc_column_text][vc_column_text css=&#8220;&#8220;] Obchodn\u00ed 111, \u010cestlice-\u0158\u00ed\u010dany u Prahy 1st Floor [\/vc_column_text][vc_column_text css=&#8220;&#8220;] Contacts [\/vc_column_text][vc_column_text css=&#8220;&#8220;] \u202d+420 777 917 [&hellip;]<\/p>\n","protected":false},"author":1,"featured_media":0,"parent":3047,"menu_order":0,"comment_status":"closed","ping_status":"closed","template":"","meta":{"_acf_changed":false,"inline_featured_image":false,"footnotes":""},"class_list":["post-3083","page","type-page","status-publish","hentry"],"acf":[],"yoast_head":"<!-- This site is optimized with the Yoast SEO plugin v25.9 - https:\/\/yoast.com\/wordpress\/plugins\/seo\/ -->\n<title>OC \u010cestlice - Felicity Food<\/title>\n<meta name=\"robots\" content=\"index, follow, max-snippet:-1, max-image-preview:large, max-video-preview:-1\" \/>\n<link rel=\"canonical\" href=\"https:\/\/dkudela.cz\/reference\/felicityfood\/en\/branches\/oc-cestlice\/\" \/>\n<meta property=\"og:locale\" content=\"cs_CZ\" \/>\n<meta property=\"og:type\" content=\"article\" \/>\n<meta property=\"og:title\" content=\"OC \u010cestlice - Felicity Food\" \/>\n<meta property=\"og:description\" content=\"[vc_row][vc_column][vc_column_text css=&#8220;.vc_custom_1756233591444{border-bottom-width: 3px !important;padding-top: 84px !important;padding-bottom: 57px !important;border-bottom-style: solid !important;border-color: #BF925A !important;}&#8220;] OC \u010cestlice [\/vc_column_text][\/vc_column][\/vc_row][vc_row css=&#8220;.vc_custom_1756233381287{padding-top: 48px !important;padding-bottom: 48px !important;}&#8220;][vc_column width=&#8220;1\/2&#8243;][vc_single_image image=&#8220;2341&#8243; img_size=&#8220;large&#8220; alignment=&#8220;center&#8220; css=&#8220;.vc_custom_1756233618654{border-radius: 20px !important;}&#8220; el_class=&#8220;img-border-radius&#8220;][\/vc_column][vc_column width=&#8220;1\/2&#8243;][vc_single_image image=&#8220;3344&#8243; img_size=&#8220;full&#8220; alignment=&#8220;center&#8220; css=&#8220;&#8220;][vc_column_text css=&#8220;&#8220;] Where to find us [\/vc_column_text][vc_column_text css=&#8220;&#8220;] Obchodn\u00ed 111, \u010cestlice-\u0158\u00ed\u010dany u Prahy 1st Floor [\/vc_column_text][vc_column_text css=&#8220;&#8220;] Contacts [\/vc_column_text][vc_column_text css=&#8220;&#8220;] \u202d+420 777 917 [&hellip;]\" \/>\n<meta property=\"og:url\" content=\"https:\/\/dkudela.cz\/reference\/felicityfood\/en\/branches\/oc-cestlice\/\" \/>\n<meta property=\"og:site_name\" content=\"Felicity Food\" \/>\n<meta property=\"article:modified_time\" content=\"2025-09-10T08:31:34+00:00\" \/>\n<meta name=\"twitter:card\" content=\"summary_large_image\" \/>\n<meta name=\"twitter:label1\" content=\"Odhadovan\u00e1 doba \u010dten\u00ed\" \/>\n\t<meta name=\"twitter:data1\" content=\"3 minuty\" \/>\n<script type=\"application\/ld+json\" class=\"yoast-schema-graph\">{\"@context\":\"https:\/\/schema.org\",\"@graph\":[{\"@type\":\"WebPage\",\"@id\":\"https:\/\/dkudela.cz\/reference\/felicityfood\/en\/branches\/oc-cestlice\/\",\"url\":\"https:\/\/dkudela.cz\/reference\/felicityfood\/en\/branches\/oc-cestlice\/\",\"name\":\"OC \u010cestlice - Felicity Food\",\"isPartOf\":{\"@id\":\"https:\/\/dkudela.cz\/reference\/felicityfood\/#website\"},\"datePublished\":\"2025-04-15T15:47:33+00:00\",\"dateModified\":\"2025-09-10T08:31:34+00:00\",\"breadcrumb\":{\"@id\":\"https:\/\/dkudela.cz\/reference\/felicityfood\/en\/branches\/oc-cestlice\/#breadcrumb\"},\"inLanguage\":\"cs\",\"potentialAction\":[{\"@type\":\"ReadAction\",\"target\":[\"https:\/\/dkudela.cz\/reference\/felicityfood\/en\/branches\/oc-cestlice\/\"]}]},{\"@type\":\"BreadcrumbList\",\"@id\":\"https:\/\/dkudela.cz\/reference\/felicityfood\/en\/branches\/oc-cestlice\/#breadcrumb\",\"itemListElement\":[{\"@type\":\"ListItem\",\"position\":1,\"name\":\"Dom\u016f\",\"item\":\"https:\/\/dkudela.cz\/reference\/felicityfood\/\"},{\"@type\":\"ListItem\",\"position\":2,\"name\":\"Branches\",\"item\":\"https:\/\/dkudela.cz\/reference\/felicityfood\/en\/branches\/\"},{\"@type\":\"ListItem\",\"position\":3,\"name\":\"OC \u010cestlice\"}]},{\"@type\":\"WebSite\",\"@id\":\"https:\/\/dkudela.cz\/reference\/felicityfood\/#website\",\"url\":\"https:\/\/dkudela.cz\/reference\/felicityfood\/\",\"name\":\"Felicity Food\",\"description\":\"Homemade dorty, z\u00e1kusky a zmrzliny\",\"publisher\":{\"@id\":\"https:\/\/dkudela.cz\/reference\/felicityfood\/#organization\"},\"potentialAction\":[{\"@type\":\"SearchAction\",\"target\":{\"@type\":\"EntryPoint\",\"urlTemplate\":\"https:\/\/dkudela.cz\/reference\/felicityfood\/?s={search_term_string}\"},\"query-input\":{\"@type\":\"PropertyValueSpecification\",\"valueRequired\":true,\"valueName\":\"search_term_string\"}}],\"inLanguage\":\"cs\"},{\"@type\":\"Organization\",\"@id\":\"https:\/\/dkudela.cz\/reference\/felicityfood\/#organization\",\"name\":\"Felicity Food\",\"url\":\"https:\/\/dkudela.cz\/reference\/felicityfood\/\",\"logo\":{\"@type\":\"ImageObject\",\"inLanguage\":\"cs\",\"@id\":\"https:\/\/dkudela.cz\/reference\/felicityfood\/#\/schema\/logo\/image\/\",\"url\":\"https:\/\/dkudela.cz\/reference\/felicityfood\/wp-content\/uploads\/2024\/11\/Logo_simple_gold.png\",\"contentUrl\":\"https:\/\/dkudela.cz\/reference\/felicityfood\/wp-content\/uploads\/2024\/11\/Logo_simple_gold.png\",\"width\":638,\"height\":384,\"caption\":\"Felicity Food\"},\"image\":{\"@id\":\"https:\/\/dkudela.cz\/reference\/felicityfood\/#\/schema\/logo\/image\/\"},\"sameAs\":[\"https:\/\/www.instagram.com\/felicity_food\/\"]}]}<\/script>\n<!-- \/ Yoast SEO plugin. -->","yoast_head_json":{"title":"OC \u010cestlice - Felicity Food","robots":{"index":"index","follow":"follow","max-snippet":"max-snippet:-1","max-image-preview":"max-image-preview:large","max-video-preview":"max-video-preview:-1"},"canonical":"https:\/\/dkudela.cz\/reference\/felicityfood\/en\/branches\/oc-cestlice\/","og_locale":"cs_CZ","og_type":"article","og_title":"OC \u010cestlice - Felicity Food","og_description":"[vc_row][vc_column][vc_column_text css=&#8220;.vc_custom_1756233591444{border-bottom-width: 3px !important;padding-top: 84px !important;padding-bottom: 57px !important;border-bottom-style: solid !important;border-color: #BF925A !important;}&#8220;] OC \u010cestlice [\/vc_column_text][\/vc_column][\/vc_row][vc_row css=&#8220;.vc_custom_1756233381287{padding-top: 48px !important;padding-bottom: 48px !important;}&#8220;][vc_column width=&#8220;1\/2&#8243;][vc_single_image image=&#8220;2341&#8243; img_size=&#8220;large&#8220; alignment=&#8220;center&#8220; css=&#8220;.vc_custom_1756233618654{border-radius: 20px !important;}&#8220; el_class=&#8220;img-border-radius&#8220;][\/vc_column][vc_column width=&#8220;1\/2&#8243;][vc_single_image image=&#8220;3344&#8243; img_size=&#8220;full&#8220; alignment=&#8220;center&#8220; css=&#8220;&#8220;][vc_column_text css=&#8220;&#8220;] Where to find us [\/vc_column_text][vc_column_text css=&#8220;&#8220;] Obchodn\u00ed 111, \u010cestlice-\u0158\u00ed\u010dany u Prahy 1st Floor [\/vc_column_text][vc_column_text css=&#8220;&#8220;] Contacts [\/vc_column_text][vc_column_text css=&#8220;&#8220;] \u202d+420 777 917 [&hellip;]","og_url":"https:\/\/dkudela.cz\/reference\/felicityfood\/en\/branches\/oc-cestlice\/","og_site_name":"Felicity Food","article_modified_time":"2025-09-10T08:31:34+00:00","twitter_card":"summary_large_image","twitter_misc":{"Odhadovan\u00e1 doba \u010dten\u00ed":"3 minuty"},"schema":{"@context":"https:\/\/schema.org","@graph":[{"@type":"WebPage","@id":"https:\/\/dkudela.cz\/reference\/felicityfood\/en\/branches\/oc-cestlice\/","url":"https:\/\/dkudela.cz\/reference\/felicityfood\/en\/branches\/oc-cestlice\/","name":"OC \u010cestlice - Felicity Food","isPartOf":{"@id":"https:\/\/dkudela.cz\/reference\/felicityfood\/#website"},"datePublished":"2025-04-15T15:47:33+00:00","dateModified":"2025-09-10T08:31:34+00:00","breadcrumb":{"@id":"https:\/\/dkudela.cz\/reference\/felicityfood\/en\/branches\/oc-cestlice\/#breadcrumb"},"inLanguage":"cs","potentialAction":[{"@type":"ReadAction","target":["https:\/\/dkudela.cz\/reference\/felicityfood\/en\/branches\/oc-cestlice\/"]}]},{"@type":"BreadcrumbList","@id":"https:\/\/dkudela.cz\/reference\/felicityfood\/en\/branches\/oc-cestlice\/#breadcrumb","itemListElement":[{"@type":"ListItem","position":1,"name":"Dom\u016f","item":"https:\/\/dkudela.cz\/reference\/felicityfood\/"},{"@type":"ListItem","position":2,"name":"Branches","item":"https:\/\/dkudela.cz\/reference\/felicityfood\/en\/branches\/"},{"@type":"ListItem","position":3,"name":"OC \u010cestlice"}]},{"@type":"WebSite","@id":"https:\/\/dkudela.cz\/reference\/felicityfood\/#website","url":"https:\/\/dkudela.cz\/reference\/felicityfood\/","name":"Felicity Food","description":"Homemade dorty, z\u00e1kusky a zmrzliny","publisher":{"@id":"https:\/\/dkudela.cz\/reference\/felicityfood\/#organization"},"potentialAction":[{"@type":"SearchAction","target":{"@type":"EntryPoint","urlTemplate":"https:\/\/dkudela.cz\/reference\/felicityfood\/?s={search_term_string}"},"query-input":{"@type":"PropertyValueSpecification","valueRequired":true,"valueName":"search_term_string"}}],"inLanguage":"cs"},{"@type":"Organization","@id":"https:\/\/dkudela.cz\/reference\/felicityfood\/#organization","name":"Felicity Food","url":"https:\/\/dkudela.cz\/reference\/felicityfood\/","logo":{"@type":"ImageObject","inLanguage":"cs","@id":"https:\/\/dkudela.cz\/reference\/felicityfood\/#\/schema\/logo\/image\/","url":"https:\/\/dkudela.cz\/reference\/felicityfood\/wp-content\/uploads\/2024\/11\/Logo_simple_gold.png","contentUrl":"https:\/\/dkudela.cz\/reference\/felicityfood\/wp-content\/uploads\/2024\/11\/Logo_simple_gold.png","width":638,"height":384,"caption":"Felicity Food"},"image":{"@id":"https:\/\/dkudela.cz\/reference\/felicityfood\/#\/schema\/logo\/image\/"},"sameAs":["https:\/\/www.instagram.com\/felicity_food\/"]}]}},"_links":{"self":[{"href":"https:\/\/dkudela.cz\/reference\/felicityfood\/wp-json\/wp\/v2\/pages\/3083","targetHints":{"allow":["GET"]}}],"collection":[{"href":"https:\/\/dkudela.cz\/reference\/felicityfood\/wp-json\/wp\/v2\/pages"}],"about":[{"href":"https:\/\/dkudela.cz\/reference\/felicityfood\/wp-json\/wp\/v2\/types\/page"}],"author":[{"embeddable":true,"href":"https:\/\/dkudela.cz\/reference\/felicityfood\/wp-json\/wp\/v2\/users\/1"}],"replies":[{"embeddable":true,"href":"https:\/\/dkudela.cz\/reference\/felicityfood\/wp-json\/wp\/v2\/comments?post=3083"}],"version-history":[{"count":0,"href":"https:\/\/dkudela.cz\/reference\/felicityfood\/wp-json\/wp\/v2\/pages\/3083\/revisions"}],"up":[{"embeddable":true,"href":"https:\/\/dkudela.cz\/reference\/felicityfood\/wp-json\/wp\/v2\/pages\/3047"}],"wp:attachment":[{"href":"https:\/\/dkudela.cz\/reference\/felicityfood\/wp-json\/wp\/v2\/media?parent=3083"}],"curies":[{"name":"wp","href":"https:\/\/api.w.org\/{rel}","templated":true}]}}